{"id":322,"date":"2025-08-19T00:04:24","date_gmt":"2025-08-19T00:04:24","guid":{"rendered":"https:\/\/memoriasdeamor.pe\/?page_id=322"},"modified":"2025-09-25T17:10:23","modified_gmt":"2025-09-25T17:10:23","slug":"mensajes-de-amor","status":"publish","type":"page","link":"https:\/\/memoriasdeamor.pe\/index.php\/mensajes-de-amor\/","title":{"rendered":"Mensajes de Amor"},"content":{"rendered":"\t\t<div data-elementor-type=\"wp-page\" data-elementor-id=\"322\" class=\"elementor elementor-322\" data-elementor-post-type=\"page\">\n\t\t\t\t<div class=\"elementor-element elementor-element-6953bab8 e-flex e-con-boxed e-con e-parent\" data-id=\"6953bab8\" data-element_type=\"container\">\n\t\t\t\t\t<div class=\"e-con-inner\">\n\t\t\t\t<div class=\"elementor-element elementor-element-18750ddd elementor-widget elementor-widget-text-editor\" data-id=\"18750ddd\" data-element_type=\"widget\" data-widget_type=\"text-editor.default\">\n\t\t\t\t<div class=\"elementor-widget-container\">\n\t\t\t\t\t\t\t\t\t\n<p><strong>Un detalle \u00fanico que guarda palabras que tocan el coraz\u00f3n.<br \/><br \/><\/strong><strong>Nuestros llaveros con un lindo dise\u00f1o incluyen un c\u00f3digo QR impreso que, al escanearlo, te lleva a una ventana donde puedes grabar un mensaje de voz directamente o subir un archivo en formato MP3.<\/strong><\/p>\n\t\t\t\t\t\t\t\t<\/div>\n\t\t\t\t<\/div>\n\t\t\t\t<div class=\"elementor-element elementor-element-1b37d06 elementor-widget elementor-widget-text-editor\" data-id=\"1b37d06\" data-element_type=\"widget\" data-widget_type=\"text-editor.default\">\n\t\t\t\t<div class=\"elementor-widget-container\">\n\t\t\t\t\t\t\t\t\t\n<p><em><strong>Es una forma sencilla y especial de compartir lo que sientes.<\/strong><\/em><\/p>\n\t\t\t\t\t\t\t\t<\/div>\n\t\t\t\t<\/div>\n\t\t\t\t\t<\/div>\n\t\t\t\t<\/div>\n\t\t<div class=\"elementor-element elementor-element-538d078 e-flex e-con-boxed e-con e-parent\" data-id=\"538d078\" data-element_type=\"container\">\n\t\t\t\t\t<div class=\"e-con-inner\">\n\t\t<div class=\"elementor-element elementor-element-efab5c5 e-con-full e-flex e-con e-child\" data-id=\"efab5c5\" data-element_type=\"container\">\n\t\t\t\t<\/div>\n\t\t<div class=\"elementor-element elementor-element-c0f0f4f e-con-full e-flex e-con e-child\" data-id=\"c0f0f4f\" data-element_type=\"container\">\n\t\t\t\t<div class=\"elementor-element elementor-element-f22b651 elementor-arrows-position-inside elementor-pagination-position-outside elementor-widget elementor-widget-image-carousel\" data-id=\"f22b651\" data-element_type=\"widget\" data-settings=\"{&quot;slides_to_show&quot;:&quot;1&quot;,&quot;navigation&quot;:&quot;both&quot;,&quot;autoplay&quot;:&quot;yes&quot;,&quot;pause_on_hover&quot;:&quot;yes&quot;,&quot;pause_on_interaction&quot;:&quot;yes&quot;,&quot;autoplay_speed&quot;:5000,&quot;infinite&quot;:&quot;yes&quot;,&quot;effect&quot;:&quot;slide&quot;,&quot;speed&quot;:500}\" data-widget_type=\"image-carousel.default\">\n\t\t\t\t<div class=\"elementor-widget-container\">\n\t\t\t\t\t\t\t<div class=\"elementor-image-carousel-wrapper swiper\" role=\"region\" aria-roledescription=\"carousel\" aria-label=\"Carrusel de im\u00e1genes\" dir=\"ltr\">\n\t\t\t<div class=\"elementor-image-carousel swiper-wrapper swiper-image-stretch\" aria-live=\"off\">\n\t\t\t\t\t\t\t\t<div class=\"swiper-slide\" role=\"group\" aria-roledescription=\"slide\" aria-label=\"1 de 4\"><figure class=\"swiper-slide-inner\"><img decoding=\"async\" class=\"swiper-slide-image\" src=\"https:\/\/memoriasdeamor.pe\/wp-content\/uploads\/2025\/08\/WhatsApp-Image-2025-08-16-at-9.46.05-PM-1152x1536.jpeg\" alt=\"WhatsApp Image 2025-08-16 at 9.46.05 PM\" \/><\/figure><\/div><div class=\"swiper-slide\" role=\"group\" aria-roledescription=\"slide\" aria-label=\"2 de 4\"><figure class=\"swiper-slide-inner\"><img decoding=\"async\" class=\"swiper-slide-image\" src=\"https:\/\/memoriasdeamor.pe\/wp-content\/uploads\/2025\/08\/WhatsApp-Image-2025-08-16-at-9.46.05-PM-1-1152x1536.jpeg\" alt=\"WhatsApp Image 2025-08-16 at 9.46.05 PM (1)\" \/><\/figure><\/div><div class=\"swiper-slide\" role=\"group\" aria-roledescription=\"slide\" aria-label=\"3 de 4\"><figure class=\"swiper-slide-inner\"><img decoding=\"async\" class=\"swiper-slide-image\" src=\"https:\/\/memoriasdeamor.pe\/wp-content\/uploads\/2025\/08\/WhatsApp-Image-2025-08-17-at-6.10.07-PM-1152x1536.jpeg\" alt=\"WhatsApp Image 2025-08-17 at 6.10.07 PM\" \/><\/figure><\/div><div class=\"swiper-slide\" role=\"group\" aria-roledescription=\"slide\" aria-label=\"4 de 4\"><figure class=\"swiper-slide-inner\"><img decoding=\"async\" class=\"swiper-slide-image\" src=\"https:\/\/memoriasdeamor.pe\/wp-content\/uploads\/2025\/08\/WhatsApp-Image-2025-08-17-at-6.09.47-PM-1152x1536.jpeg\" alt=\"WhatsApp Image 2025-08-17 at 6.09.47 PM\" \/><\/figure><\/div>\t\t\t<\/div>\n\t\t\t\t\t\t\t\t\t\t\t\t<div class=\"elementor-swiper-button elementor-swiper-button-prev\" role=\"button\" tabindex=\"0\">\n\t\t\t\t\t\t<svg aria-hidden=\"true\" class=\"e-font-icon-svg e-eicon-chevron-left\" viewBox=\"0 0 1000 1000\" xmlns=\"http:\/\/www.w3.org\/2000\/svg\"><path d=\"M646 125C629 125 613 133 604 142L308 442C296 454 292 471 292 487 292 504 296 521 308 533L604 854C617 867 629 875 646 875 663 875 679 871 692 858 704 846 713 829 713 812 713 796 708 779 692 767L438 487 692 225C700 217 708 204 708 187 708 171 704 154 692 142 675 129 663 125 646 125Z\"><\/path><\/svg>\t\t\t\t\t<\/div>\n\t\t\t\t\t<div class=\"elementor-swiper-button elementor-swiper-button-next\" role=\"button\" tabindex=\"0\">\n\t\t\t\t\t\t<svg aria-hidden=\"true\" class=\"e-font-icon-svg e-eicon-chevron-right\" viewBox=\"0 0 1000 1000\" xmlns=\"http:\/\/www.w3.org\/2000\/svg\"><path d=\"M696 533C708 521 713 504 713 487 713 471 708 454 696 446L400 146C388 133 375 125 354 125 338 125 325 129 313 142 300 154 292 171 292 187 292 204 296 221 308 233L563 492 304 771C292 783 288 800 288 817 288 833 296 850 308 863 321 871 338 875 354 875 371 875 388 867 400 854L696 533Z\"><\/path><\/svg>\t\t\t\t\t<\/div>\n\t\t\t\t\n\t\t\t\t\t\t\t\t\t<div class=\"swiper-pagination\"><\/div>\n\t\t\t\t\t\t\t\t\t<\/div>\n\t\t\t\t\t\t<\/div>\n\t\t\t\t<\/div>\n\t\t\t\t<div class=\"elementor-element elementor-element-b47e9b6 elementor-widget elementor-widget-image\" data-id=\"b47e9b6\" data-element_type=\"widget\" data-widget_type=\"image.default\">\n\t\t\t\t<div class=\"elementor-widget-container\">\n\t\t\t\t\t\t\t\t\t\t\t\t\t\t\t<img fetchpriority=\"high\" decoding=\"async\" width=\"525\" height=\"637\" src=\"https:\/\/memoriasdeamor.pe\/wp-content\/uploads\/2025\/08\/WhatsApp-Image-2025-08-16-at-9.45.41-PM-844x1024.jpeg\" class=\"attachment-large size-large wp-image-354\" alt=\"\" srcset=\"https:\/\/memoriasdeamor.pe\/wp-content\/uploads\/2025\/08\/WhatsApp-Image-2025-08-16-at-9.45.41-PM-844x1024.jpeg 844w, https:\/\/memoriasdeamor.pe\/wp-content\/uploads\/2025\/08\/WhatsApp-Image-2025-08-16-at-9.45.41-PM-247x300.jpeg 247w, https:\/\/memoriasdeamor.pe\/wp-content\/uploads\/2025\/08\/WhatsApp-Image-2025-08-16-at-9.45.41-PM-768x932.jpeg 768w, https:\/\/memoriasdeamor.pe\/wp-content\/uploads\/2025\/08\/WhatsApp-Image-2025-08-16-at-9.45.41-PM.jpeg 904w\" sizes=\"100vw\" \/>\t\t\t\t\t\t\t\t\t\t\t\t\t\t\t<\/div>\n\t\t\t\t<\/div>\n\t\t\t\t<\/div>\n\t\t<div class=\"elementor-element elementor-element-0a183a4 e-con-full e-flex e-con e-child\" data-id=\"0a183a4\" data-element_type=\"container\">\n\t\t\t\t<\/div>\n\t\t\t\t\t<\/div>\n\t\t\t\t<\/div>\n\t\t<div class=\"elementor-element elementor-element-d5ee3a3 e-flex e-con-boxed e-con e-parent\" data-id=\"d5ee3a3\" data-element_type=\"container\">\n\t\t\t\t\t<div class=\"e-con-inner\">\n\t\t<div class=\"elementor-element elementor-element-1aa299a e-con-full e-flex e-con e-child\" data-id=\"1aa299a\" data-element_type=\"container\">\n\t\t\t\t<div class=\"elementor-element elementor-element-ed4325d elementor-widget elementor-widget-text-editor\" data-id=\"ed4325d\" data-element_type=\"widget\" data-widget_type=\"text-editor.default\">\n\t\t\t\t<div class=\"elementor-widget-container\">\n\t\t\t\t\t\t\t\t\t<ul>\n<li>Puedes enviar un mensaje de amor, gratitud, perd\u00f3n, un recordatorio\u2026 o incluso conservar la voz de alguien que ya no est\u00e1 f\u00edsicamente, pero siempre vivir\u00e1 en tu memoria.<br \/><br \/><strong>Porque hay palabras que merecen ser escuchadas una y otra vez.<\/strong><\/li>\n<\/ul>\t\t\t\t\t\t\t\t<\/div>\n\t\t\t\t<\/div>\n\t\t\t\t<div class=\"elementor-element elementor-element-732aa45 elementor-widget elementor-widget-text-editor\" data-id=\"732aa45\" data-element_type=\"widget\" data-widget_type=\"text-editor.default\">\n\t\t\t\t<div class=\"elementor-widget-container\">\n\t\t\t\t\t\t\t\t\t<p><span style=\"font-size: 1rem;\">Precio regular: S\/. 50.00<\/span><\/p>\t\t\t\t\t\t\t\t<\/div>\n\t\t\t\t<\/div>\n\t\t\t\t<div class=\"elementor-element elementor-element-7b405f5 elementor-widget elementor-widget-text-editor\" data-id=\"7b405f5\" data-element_type=\"widget\" data-widget_type=\"text-editor.default\">\n\t\t\t\t<div class=\"elementor-widget-container\">\n\t\t\t\t\t\t\t\t\t<p><span style=\"font-size: 1rem;\">Precio en promoci\u00f3n:&nbsp;<\/span><span style=\"font-size: 1rem;\">S\/. 35.00<\/span><\/p>\n<p>\u2022 No incluye env\u00edo<br>\u2022 No incluye impuestos<\/p>\t\t\t\t\t\t\t\t<\/div>\n\t\t\t\t<\/div>\n\t\t\t\t<\/div>\n\t\t\t\t\t<\/div>\n\t\t\t\t<\/div>\n\t\t\t\t<\/div>\n\t\t","protected":false},"excerpt":{"rendered":"<p>Un detalle \u00fanico que guarda palabras que tocan el coraz\u00f3n. Nuestros llaveros con un lindo dise\u00f1o incluyen un c\u00f3digo QR impreso que, al escanearlo, te lleva a una ventana donde puedes grabar un mensaje de voz directamente o subir un archivo en formato MP3. Es una forma sencilla y especial de compartir lo que sientes. &hellip; <\/p>\n<p class=\"link-more\"><a href=\"https:\/\/memoriasdeamor.pe\/index.php\/mensajes-de-amor\/\" class=\"more-link\">Continuar leyendo<span class=\"screen-reader-text\"> \u00abMensajes de Amor\u00bb<\/span><\/a><\/p>\n","protected":false},"author":1,"featured_media":328,"parent":0,"menu_order":0,"comment_status":"closed","ping_status":"closed","template":"","meta":{"_joinchat":[],"footnotes":""},"class_list":["post-322","page","type-page","status-publish","has-post-thumbnail","hentry"],"_links":{"self":[{"href":"https:\/\/memoriasdeamor.pe\/index.php\/wp-json\/wp\/v2\/pages\/322","targetHints":{"allow":["GET"]}}],"collection":[{"href":"https:\/\/memoriasdeamor.pe\/index.php\/wp-json\/wp\/v2\/pages"}],"about":[{"href":"https:\/\/memoriasdeamor.pe\/index.php\/wp-json\/wp\/v2\/types\/page"}],"author":[{"embeddable":true,"href":"https:\/\/memoriasdeamor.pe\/index.php\/wp-json\/wp\/v2\/users\/1"}],"replies":[{"embeddable":true,"href":"https:\/\/memoriasdeamor.pe\/index.php\/wp-json\/wp\/v2\/comments?post=322"}],"version-history":[{"count":32,"href":"https:\/\/memoriasdeamor.pe\/index.php\/wp-json\/wp\/v2\/pages\/322\/revisions"}],"predecessor-version":[{"id":373,"href":"https:\/\/memoriasdeamor.pe\/index.php\/wp-json\/wp\/v2\/pages\/322\/revisions\/373"}],"wp:featuredmedia":[{"embeddable":true,"href":"https:\/\/memoriasdeamor.pe\/index.php\/wp-json\/wp\/v2\/media\/328"}],"wp:attachment":[{"href":"https:\/\/memoriasdeamor.pe\/index.php\/wp-json\/wp\/v2\/media?parent=322"}],"curies":[{"name":"wp","href":"https:\/\/api.w.org\/{rel}","templated":true}]}}