{"id":209,"date":"2025-01-14T03:03:44","date_gmt":"2025-01-14T03:03:44","guid":{"rendered":"https:\/\/memoriasdeamor.pe\/?page_id=209"},"modified":"2025-01-14T03:23:51","modified_gmt":"2025-01-14T03:23:51","slug":"instrucciones","status":"publish","type":"page","link":"https:\/\/memoriasdeamor.pe\/index.php\/instrucciones\/","title":{"rendered":"Instrucciones"},"content":{"rendered":"\t\t<div data-elementor-type=\"wp-page\" data-elementor-id=\"209\" class=\"elementor elementor-209\" data-elementor-post-type=\"page\">\n\t\t\t\t<div class=\"elementor-element elementor-element-4f8cc72 e-con-full e-flex e-con e-parent\" data-id=\"4f8cc72\" data-element_type=\"container\" data-settings=\"{&quot;background_background&quot;:&quot;classic&quot;}\">\n\t\t<div class=\"elementor-element elementor-element-1f4684aa e-con-full e-flex e-con e-child\" data-id=\"1f4684aa\" data-element_type=\"container\">\n\t\t\t\t<div class=\"elementor-element elementor-element-5fbb7f4b elementor-widget-tablet__width-inherit elementor-invisible elementor-widget elementor-widget-heading\" data-id=\"5fbb7f4b\" data-element_type=\"widget\" data-settings=\"{&quot;_animation&quot;:&quot;fadeIn&quot;}\" data-widget_type=\"heading.default\">\n\t\t\t\t<div class=\"elementor-widget-container\">\n\t\t\t\t\t<h5 class=\"elementor-heading-title elementor-size-default\">Activaci\u00f3n<\/h5>\t\t\t\t<\/div>\n\t\t\t\t<\/div>\n\t\t<div class=\"elementor-element elementor-element-36daf8cc e-con-full e-flex e-con e-child\" data-id=\"36daf8cc\" data-element_type=\"container\">\n\t\t\t\t<div class=\"elementor-element elementor-element-7163f4c0 elementor-widget-tablet__width-initial elementor-widget-mobile__width-inherit elementor-widget elementor-widget-text-editor\" data-id=\"7163f4c0\" data-element_type=\"widget\" data-widget_type=\"text-editor.default\">\n\t\t\t\t<div class=\"elementor-widget-container\">\n\t\t\t\t\t\t\t\t\t<p>Si usted ha adquirido una placa Memorias de Amor, enviar al correo <strong>soporte@memoriasdeamor.pe<\/strong> la siguiente informaci\u00f3n:<\/p>\t\t\t\t\t\t\t\t<\/div>\n\t\t\t\t<\/div>\n\t\t\t\t<div class=\"elementor-element elementor-element-7ae0a25d elementor-widget-tablet__width-initial elementor-widget-mobile__width-initial elementor-icon-list--layout-traditional elementor-list-item-link-full_width elementor-widget elementor-widget-icon-list\" data-id=\"7ae0a25d\" data-element_type=\"widget\" data-widget_type=\"icon-list.default\">\n\t\t\t\t<div class=\"elementor-widget-container\">\n\t\t\t\t\t\t\t<ul class=\"elementor-icon-list-items\">\n\t\t\t\t\t\t\t<li class=\"elementor-icon-list-item\">\n\t\t\t\t\t\t\t\t\t\t\t<span class=\"elementor-icon-list-icon\">\n\t\t\t\t\t\t\t<svg aria-hidden=\"true\" class=\"e-font-icon-svg e-fas-square-full\" viewBox=\"0 0 512 512\" xmlns=\"http:\/\/www.w3.org\/2000\/svg\"><path d=\"M512 512H0V0h512v512z\"><\/path><\/svg>\t\t\t\t\t\t<\/span>\n\t\t\t\t\t\t\t\t\t\t<span class=\"elementor-icon-list-text\">El n\u00famero ID (IDXXXXA) que se encuentra en la parte inferior derecha de la placa.<\/span>\n\t\t\t\t\t\t\t\t\t<\/li>\n\t\t\t\t\t\t\t\t<li class=\"elementor-icon-list-item\">\n\t\t\t\t\t\t\t\t\t\t\t<span class=\"elementor-icon-list-icon\">\n\t\t\t\t\t\t\t<svg aria-hidden=\"true\" class=\"e-font-icon-svg e-fas-square-full\" viewBox=\"0 0 512 512\" xmlns=\"http:\/\/www.w3.org\/2000\/svg\"><path d=\"M512 512H0V0h512v512z\"><\/path><\/svg>\t\t\t\t\t\t<\/span>\n\t\t\t\t\t\t\t\t\t\t<span class=\"elementor-icon-list-text\">El nombre de la persona o evento que se desea recordar.<\/span>\n\t\t\t\t\t\t\t\t\t<\/li>\n\t\t\t\t\t\t\t\t<li class=\"elementor-icon-list-item\">\n\t\t\t\t\t\t\t\t\t\t\t<span class=\"elementor-icon-list-icon\">\n\t\t\t\t\t\t\t<svg aria-hidden=\"true\" class=\"e-font-icon-svg e-fas-square-full\" viewBox=\"0 0 512 512\" xmlns=\"http:\/\/www.w3.org\/2000\/svg\"><path d=\"M512 512H0V0h512v512z\"><\/path><\/svg>\t\t\t\t\t\t<\/span>\n\t\t\t\t\t\t\t\t\t\t<span class=\"elementor-icon-list-text\">\tFecha de nacimiento y deceso, o fecha de conmemoraci\u00f3n, seg\u00fan sea el caso.<\/span>\n\t\t\t\t\t\t\t\t\t<\/li>\n\t\t\t\t\t\t\t\t<li class=\"elementor-icon-list-item\">\n\t\t\t\t\t\t\t\t\t\t\t<span class=\"elementor-icon-list-icon\">\n\t\t\t\t\t\t\t<svg aria-hidden=\"true\" class=\"e-font-icon-svg e-fas-square-full\" viewBox=\"0 0 512 512\" xmlns=\"http:\/\/www.w3.org\/2000\/svg\"><path d=\"M512 512H0V0h512v512z\"><\/path><\/svg>\t\t\t\t\t\t<\/span>\n\t\t\t\t\t\t\t\t\t\t<span class=\"elementor-icon-list-text\">Obituario o texto conmemorativo del evento. M\u00e1ximo 10 l\u00edneas \u00f3 120 palabras.<\/span>\n\t\t\t\t\t\t\t\t\t<\/li>\n\t\t\t\t\t\t\t\t<li class=\"elementor-icon-list-item\">\n\t\t\t\t\t\t\t\t\t\t\t<span class=\"elementor-icon-list-icon\">\n\t\t\t\t\t\t\t<svg aria-hidden=\"true\" class=\"e-font-icon-svg e-fas-square-full\" viewBox=\"0 0 512 512\" xmlns=\"http:\/\/www.w3.org\/2000\/svg\"><path d=\"M512 512H0V0h512v512z\"><\/path><\/svg>\t\t\t\t\t\t<\/span>\n\t\t\t\t\t\t\t\t\t\t<span class=\"elementor-icon-list-text\">Diez (10) fotograf\u00edas en buena calidad y enumeradas en orden de importancia.<\/span>\n\t\t\t\t\t\t\t\t\t<\/li>\n\t\t\t\t\t\t\t\t<li class=\"elementor-icon-list-item\">\n\t\t\t\t\t\t\t\t\t\t\t<span class=\"elementor-icon-list-icon\">\n\t\t\t\t\t\t\t<svg aria-hidden=\"true\" class=\"e-font-icon-svg e-fas-square-full\" viewBox=\"0 0 512 512\" xmlns=\"http:\/\/www.w3.org\/2000\/svg\"><path d=\"M512 512H0V0h512v512z\"><\/path><\/svg>\t\t\t\t\t\t<\/span>\n\t\t\t\t\t\t\t\t\t\t<span class=\"elementor-icon-list-text\">Opcional: Video de no m\u00e1s de 30\" que se pueda incluir.<\/span>\n\t\t\t\t\t\t\t\t\t<\/li>\n\t\t\t\t\t\t<\/ul>\n\t\t\t\t\t\t<\/div>\n\t\t\t\t<\/div>\n\t\t\t\t<\/div>\n\t\t\t\t<\/div>\n\t\t\t\t<\/div>\n\t\t<div class=\"elementor-element elementor-element-64c0e50 e-flex e-con-boxed e-con e-parent\" data-id=\"64c0e50\" data-element_type=\"container\">\n\t\t\t\t\t<div class=\"e-con-inner\">\n\t\t\t\t<div class=\"elementor-element elementor-element-b4e7f96 elementor-widget elementor-widget-image\" data-id=\"b4e7f96\" data-element_type=\"widget\" data-widget_type=\"image.default\">\n\t\t\t\t<div class=\"elementor-widget-container\">\n\t\t\t\t\t\t\t\t\t\t\t\t<figure class=\"wp-caption\">\n\t\t\t\t\t\t\t\t\t\t<img fetchpriority=\"high\" decoding=\"async\" width=\"525\" height=\"350\" src=\"https:\/\/memoriasdeamor.pe\/wp-content\/uploads\/2025\/01\/PMP_0701-1024x683.jpg\" class=\"attachment-large size-large wp-image-227\" alt=\"\" srcset=\"https:\/\/memoriasdeamor.pe\/wp-content\/uploads\/2025\/01\/PMP_0701-1024x683.jpg 1024w, https:\/\/memoriasdeamor.pe\/wp-content\/uploads\/2025\/01\/PMP_0701-300x200.jpg 300w, https:\/\/memoriasdeamor.pe\/wp-content\/uploads\/2025\/01\/PMP_0701-768x512.jpg 768w, https:\/\/memoriasdeamor.pe\/wp-content\/uploads\/2025\/01\/PMP_0701-1536x1024.jpg 1536w, https:\/\/memoriasdeamor.pe\/wp-content\/uploads\/2025\/01\/PMP_0701-2048x1365.jpg 2048w\" sizes=\"100vw\" \/>\t\t\t\t\t\t\t\t\t\t\t<figcaption class=\"widget-image-caption wp-caption-text\"><\/figcaption>\n\t\t\t\t\t\t\t\t\t\t<\/figure>\n\t\t\t\t\t\t\t\t\t<\/div>\n\t\t\t\t<\/div>\n\t\t\t\t\t<\/div>\n\t\t\t\t<\/div>\n\t\t\t\t<\/div>\n\t\t","protected":false},"excerpt":{"rendered":"<p>Activaci\u00f3n Si usted ha adquirido una placa Memorias de Amor, enviar al correo soporte@memoriasdeamor.pe la siguiente informaci\u00f3n: El n\u00famero ID (IDXXXXA) que se encuentra en la parte inferior derecha de la placa. El nombre de la persona o evento que se desea recordar. Fecha de nacimiento y deceso, o fecha de conmemoraci\u00f3n, seg\u00fan sea el &hellip; <\/p>\n<p class=\"link-more\"><a href=\"https:\/\/memoriasdeamor.pe\/index.php\/instrucciones\/\" class=\"more-link\">Continuar leyendo<span class=\"screen-reader-text\"> \u00abInstrucciones\u00bb<\/span><\/a><\/p>\n","protected":false},"author":1,"featured_media":210,"parent":0,"menu_order":0,"comment_status":"closed","ping_status":"closed","template":"","meta":{"_joinchat":[],"footnotes":""},"class_list":["post-209","page","type-page","status-publish","has-post-thumbnail","hentry"],"_links":{"self":[{"href":"https:\/\/memoriasdeamor.pe\/index.php\/wp-json\/wp\/v2\/pages\/209","targetHints":{"allow":["GET"]}}],"collection":[{"href":"https:\/\/memoriasdeamor.pe\/index.php\/wp-json\/wp\/v2\/pages"}],"about":[{"href":"https:\/\/memoriasdeamor.pe\/index.php\/wp-json\/wp\/v2\/types\/page"}],"author":[{"embeddable":true,"href":"https:\/\/memoriasdeamor.pe\/index.php\/wp-json\/wp\/v2\/users\/1"}],"replies":[{"embeddable":true,"href":"https:\/\/memoriasdeamor.pe\/index.php\/wp-json\/wp\/v2\/comments?post=209"}],"version-history":[{"count":8,"href":"https:\/\/memoriasdeamor.pe\/index.php\/wp-json\/wp\/v2\/pages\/209\/revisions"}],"predecessor-version":[{"id":230,"href":"https:\/\/memoriasdeamor.pe\/index.php\/wp-json\/wp\/v2\/pages\/209\/revisions\/230"}],"wp:featuredmedia":[{"embeddable":true,"href":"https:\/\/memoriasdeamor.pe\/index.php\/wp-json\/wp\/v2\/media\/210"}],"wp:attachment":[{"href":"https:\/\/memoriasdeamor.pe\/index.php\/wp-json\/wp\/v2\/media?parent=209"}],"curies":[{"name":"wp","href":"https:\/\/api.w.org\/{rel}","templated":true}]}}