{"id":13,"date":"2024-12-04T23:16:42","date_gmt":"2024-12-04T23:16:42","guid":{"rendered":"https:\/\/memoriasdeamor.pe\/?page_id=13"},"modified":"2025-01-29T00:03:57","modified_gmt":"2025-01-29T00:03:57","slug":"producto","status":"publish","type":"page","link":"https:\/\/memoriasdeamor.pe\/index.php\/producto\/","title":{"rendered":"Producto"},"content":{"rendered":"\t\t<div data-elementor-type=\"wp-page\" data-elementor-id=\"13\" class=\"elementor elementor-13\" data-elementor-post-type=\"page\">\n\t\t\t\t<div class=\"elementor-element elementor-element-8b126ab e-flex e-con-boxed e-con e-parent\" data-id=\"8b126ab\" data-element_type=\"container\">\n\t\t\t\t\t<div class=\"e-con-inner\">\n\t\t\t\t<div class=\"elementor-element elementor-element-daf8c0d elementor-widget elementor-widget-image\" data-id=\"daf8c0d\" data-element_type=\"widget\" data-widget_type=\"image.default\">\n\t\t\t\t<div class=\"elementor-widget-container\">\n\t\t\t\t\t\t\t\t\t\t\t\t\t\t\t<img decoding=\"async\" src=\"https:\/\/memoriasdeamor.pe\/wp-content\/uploads\/2024\/12\/NOMBRE-LOGO-a.png\" title=\"NOMBRE &#8211; LOGO a\" alt=\"NOMBRE - LOGO a\" loading=\"lazy\" \/>\t\t\t\t\t\t\t\t\t\t\t\t\t\t\t<\/div>\n\t\t\t\t<\/div>\n\t\t\t\t\t<\/div>\n\t\t\t\t<\/div>\n\t\t<div class=\"elementor-element elementor-element-6953bab8 e-flex e-con-boxed e-con e-parent\" data-id=\"6953bab8\" data-element_type=\"container\">\n\t\t\t\t\t<div class=\"e-con-inner\">\n\t\t\t\t<div class=\"elementor-element elementor-element-18750ddd elementor-widget elementor-widget-text-editor\" data-id=\"18750ddd\" data-element_type=\"widget\" data-widget_type=\"text-editor.default\">\n\t\t\t\t<div class=\"elementor-widget-container\">\n\t\t\t\t\t\t\t\t\t\n<p>Placa de acero inoxidable de la m\u00e1s alta calidad, resistentes a la corrosi\u00f3n, de 33 mm x 33 mm y 1.5 mm de espesor, con impresi\u00f3n QR.<\/p>\n\t\t\t\t\t\t\t\t<\/div>\n\t\t\t\t<\/div>\n\t\t\t\t<div class=\"elementor-element elementor-element-0a5c8fb elementor-widget elementor-widget-image\" data-id=\"0a5c8fb\" data-element_type=\"widget\" data-widget_type=\"image.default\">\n\t\t\t\t<div class=\"elementor-widget-container\">\n\t\t\t\t\t\t\t\t\t\t\t\t<figure class=\"wp-caption\">\n\t\t\t\t\t\t\t\t\t\t\t<a href=\"https:\/\/memoriasdeamor.pe\/wp-content\/uploads\/2025\/01\/BOX-MEMORIAS.mp4\" target=\"_blank\">\n\t\t\t\t\t\t\t<img fetchpriority=\"high\" decoding=\"async\" width=\"525\" height=\"350\" src=\"https:\/\/memoriasdeamor.pe\/wp-content\/uploads\/2025\/01\/PMP_0689-1024x683.jpg\" class=\"elementor-animation-pulse attachment-large size-large wp-image-210\" alt=\"\" srcset=\"https:\/\/memoriasdeamor.pe\/wp-content\/uploads\/2025\/01\/PMP_0689-1024x683.jpg 1024w, https:\/\/memoriasdeamor.pe\/wp-content\/uploads\/2025\/01\/PMP_0689-300x200.jpg 300w, https:\/\/memoriasdeamor.pe\/wp-content\/uploads\/2025\/01\/PMP_0689-768x512.jpg 768w, https:\/\/memoriasdeamor.pe\/wp-content\/uploads\/2025\/01\/PMP_0689-1536x1024.jpg 1536w, https:\/\/memoriasdeamor.pe\/wp-content\/uploads\/2025\/01\/PMP_0689-2048x1365.jpg 2048w\" sizes=\"100vw\" \/>\t\t\t\t\t\t\t\t<\/a>\n\t\t\t\t\t\t\t\t\t\t\t<figcaption class=\"widget-image-caption wp-caption-text\">Click en la imagen para ver video del producto f\u00edsico.<\/figcaption>\n\t\t\t\t\t\t\t\t\t\t<\/figure>\n\t\t\t\t\t\t\t\t\t<\/div>\n\t\t\t\t<\/div>\n\t\t\t\t\t<\/div>\n\t\t\t\t<\/div>\n\t\t<div class=\"elementor-element elementor-element-d5ee3a3 e-flex e-con-boxed e-con e-parent\" data-id=\"d5ee3a3\" data-element_type=\"container\">\n\t\t\t\t\t<div class=\"e-con-inner\">\n\t\t<div class=\"elementor-element elementor-element-1d3e9b4 e-con-full e-flex e-con e-child\" data-id=\"1d3e9b4\" data-element_type=\"container\">\n\t\t\t\t<div class=\"elementor-element elementor-element-c5913c3 elementor-widget elementor-widget-image\" data-id=\"c5913c3\" data-element_type=\"widget\" data-widget_type=\"image.default\">\n\t\t\t\t<div class=\"elementor-widget-container\">\n\t\t\t\t\t\t\t\t\t\t\t\t\t\t\t\t<a href=\"https:\/\/memoriasdeamor.pe\/wp-content\/uploads\/2025\/01\/ELSA_MEMORIAM-25.mp4\" target=\"_blank\">\n\t\t\t\t\t\t\t<img decoding=\"async\" src=\"https:\/\/memoriasdeamor.pe\/wp-content\/uploads\/2025\/01\/adobe-express-qr-code2.png\" title=\"adobe-express-qr-code2\" alt=\"adobe-express-qr-code2\" loading=\"lazy\" \/>\t\t\t\t\t\t\t\t<\/a>\n\t\t\t\t\t\t\t\t\t\t\t\t\t\t\t<\/div>\n\t\t\t\t<\/div>\n\t\t\t\t<\/div>\n\t\t<div class=\"elementor-element elementor-element-1aa299a e-con-full e-flex e-con e-child\" data-id=\"1aa299a\" data-element_type=\"container\">\n\t\t\t\t<div class=\"elementor-element elementor-element-ed4325d elementor-widget elementor-widget-text-editor\" data-id=\"ed4325d\" data-element_type=\"widget\" data-widget_type=\"text-editor.default\">\n\t\t\t\t<div class=\"elementor-widget-container\">\n\t\t\t\t\t\t\t\t\t<p><br \/><strong>POR FAVOR.<br \/><\/strong><strong>Escanear el c\u00f3digo QR,<\/strong><br \/>para ver como funciona el sistema y visualizar una demo de Memorias de AMOR.<\/p>\t\t\t\t\t\t\t\t<\/div>\n\t\t\t\t<\/div>\n\t\t\t\t<\/div>\n\t\t\t\t\t<\/div>\n\t\t\t\t<\/div>\n\t\t<div class=\"elementor-element elementor-element-06ad524 e-flex e-con-boxed e-con e-parent\" data-id=\"06ad524\" data-element_type=\"container\">\n\t\t\t\t\t<div class=\"e-con-inner\">\n\t\t\t\t<div class=\"elementor-element elementor-element-b4ecf40 elementor-widget elementor-widget-image\" data-id=\"b4ecf40\" data-element_type=\"widget\" data-widget_type=\"image.default\">\n\t\t\t\t<div class=\"elementor-widget-container\">\n\t\t\t\t\t\t\t\t\t\t\t\t\t\t\t<img decoding=\"async\" src=\"https:\/\/memoriasdeamor.pe\/wp-content\/uploads\/2025\/01\/kkkk.jpg\" title=\"kkkk\" alt=\"kkkk\" loading=\"lazy\" \/>\t\t\t\t\t\t\t\t\t\t\t\t\t\t\t<\/div>\n\t\t\t\t<\/div>\n\t\t\t\t\t<\/div>\n\t\t\t\t<\/div>\n\t\t<div class=\"elementor-element elementor-element-8aca5d4 e-con-full e-flex e-con e-parent\" data-id=\"8aca5d4\" data-element_type=\"container\">\n\t\t\t\t<div class=\"elementor-element elementor-element-b774add elementor-align-center elementor-widget__width-initial elementor-widget elementor-widget-button\" data-id=\"b774add\" data-element_type=\"widget\" data-widget_type=\"button.default\">\n\t\t\t\t<div class=\"elementor-widget-container\">\n\t\t\t\t\t\t\t\t\t<div class=\"elementor-button-wrapper\">\n\t\t\t\t\t<a class=\"elementor-button elementor-button-link elementor-size-sm\" href=\"https:\/\/memoriasdeamor.pe\/index.php\/instrucciones\/\">\n\t\t\t\t\t\t<span class=\"elementor-button-content-wrapper\">\n\t\t\t\t\t\t\t\t\t<span class=\"elementor-button-text\">Click para ver instrucciones<\/span>\n\t\t\t\t\t<\/span>\n\t\t\t\t\t<\/a>\n\t\t\t\t<\/div>\n\t\t\t\t\t\t\t\t<\/div>\n\t\t\t\t<\/div>\n\t\t\t\t<div class=\"elementor-element elementor-element-9586cd7 elementor-widget elementor-widget-text-editor\" data-id=\"9586cd7\" data-element_type=\"widget\" data-widget_type=\"text-editor.default\">\n\t\t\t\t<div class=\"elementor-widget-container\">\n\t\t\t\t\t\t\t\t\t\n<p><strong>Para su instalaci\u00f3n<\/strong>, limpiar correctamente la zona. En la parte de atr\u00e1s cuenta con una cinta adhesiva doble contacto, resistente a la humedad, a altas y bajas temperaturas, retirar la l\u00e1mina y pegar con cuidado.<\/p>\n\t\t\t\t\t\t\t\t<\/div>\n\t\t\t\t<\/div>\n\t\t\t\t<\/div>\n\t\t\t\t<\/div>\n\t\t","protected":false},"excerpt":{"rendered":"<p>Placa de acero inoxidable de la m\u00e1s alta calidad, resistentes a la corrosi\u00f3n, de 33 mm x 33 mm y 1.5 mm de espesor, con impresi\u00f3n QR. Click en la imagen para ver video del producto f\u00edsico. POR FAVOR.Escanear el c\u00f3digo QR,para ver como funciona el sistema y visualizar una demo de Memorias de AMOR. &hellip; <\/p>\n<p class=\"link-more\"><a href=\"https:\/\/memoriasdeamor.pe\/index.php\/producto\/\" class=\"more-link\">Continuar leyendo<span class=\"screen-reader-text\"> \u00abProducto\u00bb<\/span><\/a><\/p>\n","protected":false},"author":1,"featured_media":191,"parent":0,"menu_order":0,"comment_status":"closed","ping_status":"closed","template":"","meta":{"_joinchat":[],"footnotes":""},"class_list":["post-13","page","type-page","status-publish","has-post-thumbnail","hentry"],"_links":{"self":[{"href":"https:\/\/memoriasdeamor.pe\/index.php\/wp-json\/wp\/v2\/pages\/13","targetHints":{"allow":["GET"]}}],"collection":[{"href":"https:\/\/memoriasdeamor.pe\/index.php\/wp-json\/wp\/v2\/pages"}],"about":[{"href":"https:\/\/memoriasdeamor.pe\/index.php\/wp-json\/wp\/v2\/types\/page"}],"author":[{"embeddable":true,"href":"https:\/\/memoriasdeamor.pe\/index.php\/wp-json\/wp\/v2\/users\/1"}],"replies":[{"embeddable":true,"href":"https:\/\/memoriasdeamor.pe\/index.php\/wp-json\/wp\/v2\/comments?post=13"}],"version-history":[{"count":87,"href":"https:\/\/memoriasdeamor.pe\/index.php\/wp-json\/wp\/v2\/pages\/13\/revisions"}],"predecessor-version":[{"id":267,"href":"https:\/\/memoriasdeamor.pe\/index.php\/wp-json\/wp\/v2\/pages\/13\/revisions\/267"}],"wp:featuredmedia":[{"embeddable":true,"href":"https:\/\/memoriasdeamor.pe\/index.php\/wp-json\/wp\/v2\/media\/191"}],"wp:attachment":[{"href":"https:\/\/memoriasdeamor.pe\/index.php\/wp-json\/wp\/v2\/media?parent=13"}],"curies":[{"name":"wp","href":"https:\/\/api.w.org\/{rel}","templated":true}]}}